{"id":23,"date":"2022-06-06T07:44:50","date_gmt":"2022-06-06T07:44:50","guid":{"rendered":"https:\/\/demo.artureanec.com\/themes\/beautium\/?page_id=23"},"modified":"2026-01-03T20:28:28","modified_gmt":"2026-01-03T19:28:28","slug":"uber-uns","status":"publish","type":"page","link":"https:\/\/monebeauty.ch\/en\/uber-uns\/","title":{"rendered":"About"},"content":{"rendered":"<div data-elementor-type=\"wp-page\" data-elementor-id=\"23\" class=\"elementor elementor-23\" data-elementor-post-type=\"page\">\n\t\t\t\t\t\t<section class=\"elementor-section elementor-top-section elementor-element elementor-element-3ea297b elementor-section-boxed elementor-section-height-default elementor-section-height-default\" data-id=\"3ea297b\" data-element_type=\"section\" data-e-type=\"section\">\n\t\t\t\t\t\t<div class=\"elementor-container elementor-column-gap-default\">\n\t\t\t\t\t<div class=\"elementor-column elementor-col-50 elementor-top-column elementor-element elementor-element-b594313\" data-id=\"b594313\" data-element_type=\"column\" data-e-type=\"column\">\n\t\t\t<div class=\"elementor-widget-wrap elementor-element-populated\">\n\t\t\t\t\t\t<div class=\"elementor-element elementor-element-bfb2290 subheading-pos-laptop-below subheading-pos-mobile_extra-aside subheading-pos-aside subheading-pos-tablet_extra-below subheading-pos-tablet-below subheading-pos-mobile-below elementor-widget elementor-widget-beautium_heading\" data-id=\"bfb2290\" data-element_type=\"widget\" data-e-type=\"widget\" data-widget_type=\"beautium_heading.default\">\n\t\t\t\t<div class=\"elementor-widget-container\">\n\t\t\t\t\t<div class=\"beautium-heading-widget\"><div class=\"beautium-heading\"><h2 class=\"beautium-heading-content\">Heartfelt words about Mone Beauty<\/h2><span class=\"beautium-subheading\">About<\/span><\/div><\/div>\t\t\t\t<\/div>\n\t\t\t\t<\/div>\n\t\t\t\t<div class=\"elementor-element elementor-element-6c4d0cc elementor-widget elementor-widget-text-editor\" data-id=\"6c4d0cc\" data-element_type=\"widget\" data-e-type=\"widget\" data-widget_type=\"text-editor.default\">\n\t\t\t\t\t\t\t\t\t<p><strong>For me, beauty is more than just an outward appearance \u2013 it is a feeling of well-being, self-confidence and inner peace.<\/strong><\/p><p>At my studio, Mone Beauty, I consciously take time for you and your individual needs. With great attention to detail, high-quality products, and a strong commitment to quality, I offer professional treatments for nails, pedicures, and facials.v<\/p><p>My goal is to create a place where you can switch off, relax, and feel completely cared for. Every treatment is personally tailored to you \u2013 for visible results and a radiant feeling.<\/p><p>I look forward to welcoming and pampering you in a relaxed atmosphere.<\/p>\t\t\t\t\t\t\t\t<\/div>\n\t\t\t\t<section class=\"elementor-section elementor-inner-section elementor-element elementor-element-1123718 elementor-section-content-middle elementor-section-boxed elementor-section-height-default elementor-section-height-default\" data-id=\"1123718\" data-element_type=\"section\" data-e-type=\"section\">\n\t\t\t\t\t\t<div class=\"elementor-container elementor-column-gap-default\">\n\t\t\t\t\t<div class=\"elementor-column elementor-col-50 elementor-inner-column elementor-element elementor-element-ef587f2\" data-id=\"ef587f2\" data-element_type=\"column\" data-e-type=\"column\">\n\t\t\t<div class=\"elementor-widget-wrap elementor-element-populated\">\n\t\t\t\t\t\t<div class=\"elementor-element elementor-element-b1a4909 elementor-widget elementor-widget-text-editor\" data-id=\"b1a4909\" data-element_type=\"widget\" data-e-type=\"widget\" data-widget_type=\"text-editor.default\">\n\t\t\t\t\t\t\t\t\t<p><strong>Monika Dzinic, <br \/>CEO Mone Nails &amp; Beauty<\/strong><\/p>\t\t\t\t\t\t\t\t<\/div>\n\t\t\t\t\t<\/div>\n\t\t<\/div>\n\t\t\t\t<div class=\"elementor-column elementor-col-50 elementor-inner-column elementor-element elementor-element-03725af\" data-id=\"03725af\" data-element_type=\"column\" data-e-type=\"column\">\n\t\t\t<div class=\"elementor-widget-wrap elementor-element-populated\">\n\t\t\t\t\t\t<div class=\"elementor-element elementor-element-e518e6d elementor-widget elementor-widget-beautium_heading\" data-id=\"e518e6d\" data-element_type=\"widget\" data-e-type=\"widget\" data-widget_type=\"beautium_heading.default\">\n\t\t\t\t<div class=\"elementor-widget-container\">\n\t\t\t\t\t<div class=\"beautium-heading-widget\"><div class=\"beautium-heading\"><h2 class=\"beautium-heading-content\">Monika Dzinic<\/h2><\/div><\/div>\t\t\t\t<\/div>\n\t\t\t\t<\/div>\n\t\t\t\t\t<\/div>\n\t\t<\/div>\n\t\t\t\t\t<\/div>\n\t\t<\/section>\n\t\t\t\t\t<\/div>\n\t\t<\/div>\n\t\t\t\t<div class=\"elementor-column elementor-col-50 elementor-top-column elementor-element elementor-element-a0e8b7c\" data-id=\"a0e8b7c\" data-element_type=\"column\" data-e-type=\"column\">\n\t\t\t<div class=\"elementor-widget-wrap elementor-element-populated\">\n\t\t\t\t\t\t<div class=\"elementor-element elementor-element-8c0a002 elementor-view-default elementor-widget elementor-widget-icon\" data-id=\"8c0a002\" data-element_type=\"widget\" data-e-type=\"widget\" data-widget_type=\"icon.default\">\n\t\t\t\t\t\t\t<div class=\"elementor-icon-wrapper\">\n\t\t\t<div class=\"elementor-icon\">\n\t\t\t<i aria-hidden=\"true\" class=\"fontello icon-services-6\"><\/i>\t\t\t<\/div>\n\t\t<\/div>\n\t\t\t\t\t\t<\/div>\n\t\t\t\t\t<\/div>\n\t\t<\/div>\n\t\t\t\t\t<\/div>\n\t\t<\/section>\n\t\t\t\t<section class=\"elementor-section elementor-top-section elementor-element elementor-element-1d400f7 elementor-section-stretched elementor-reverse-tablet elementor-reverse-mobile_extra elementor-reverse-mobile elementor-section-boxed elementor-section-height-default elementor-section-height-default\" data-id=\"1d400f7\" data-element_type=\"section\" data-e-type=\"section\" data-settings=\"{&quot;stretch_section&quot;:&quot;section-stretched&quot;,&quot;background_background&quot;:&quot;classic&quot;}\">\n\t\t\t\t\t\t<div class=\"elementor-container elementor-column-gap-default\">\n\t\t\t\t\t<div class=\"elementor-column elementor-col-50 elementor-top-column elementor-element elementor-element-950f8aa\" data-id=\"950f8aa\" data-element_type=\"column\" data-e-type=\"column\">\n\t\t\t<div class=\"elementor-widget-wrap elementor-element-populated\">\n\t\t\t\t\t\t<div class=\"elementor-element elementor-element-73b8c6d elementor-view-default elementor-widget elementor-widget-icon\" data-id=\"73b8c6d\" data-element_type=\"widget\" data-e-type=\"widget\" data-widget_type=\"icon.default\">\n\t\t\t\t\t\t\t<div class=\"elementor-icon-wrapper\">\n\t\t\t<div class=\"elementor-icon\">\n\t\t\t<i aria-hidden=\"true\" class=\"fontello icon-services-4\"><\/i>\t\t\t<\/div>\n\t\t<\/div>\n\t\t\t\t\t\t<\/div>\n\t\t\t\t\t<\/div>\n\t\t<\/div>\n\t\t\t\t<div class=\"elementor-column elementor-col-50 elementor-top-column elementor-element elementor-element-059f6b4\" data-id=\"059f6b4\" data-element_type=\"column\" data-e-type=\"column\">\n\t\t\t<div class=\"elementor-widget-wrap elementor-element-populated\">\n\t\t\t\t\t\t<div class=\"elementor-element elementor-element-79728ef subheading-pos-laptop-below subheading-pos-tablet-aside subheading-pos-mobile_extra-aside subheading-pos-aside subheading-pos-tablet_extra-below subheading-pos-mobile-below elementor-widget elementor-widget-beautium_heading\" data-id=\"79728ef\" data-element_type=\"widget\" data-e-type=\"widget\" data-widget_type=\"beautium_heading.default\">\n\t\t\t\t<div class=\"elementor-widget-container\">\n\t\t\t\t\t<div class=\"beautium-heading-widget\"><div class=\"beautium-heading\"><h2 class=\"beautium-heading-content\">MY MISSION - YOUR BEAUTY<\/h2><span class=\"beautium-subheading\">Mission<\/span><\/div><\/div>\t\t\t\t<\/div>\n\t\t\t\t<\/div>\n\t\t\t\t<div class=\"elementor-element elementor-element-2478e4d elementor-widget elementor-widget-text-editor\" data-id=\"2478e4d\" data-element_type=\"widget\" data-e-type=\"widget\" data-widget_type=\"text-editor.default\">\n\t\t\t\t\t\t\t\t\tFor me, beauty is more than just a treatment result \u2013 it's a feeling. My mission is to enhance your natural beauty with precision, passion, and the highest quality standards.\t\t\t\t\t\t\t\t<\/div>\n\t\t\t\t<div class=\"elementor-element elementor-element-81efdd9 elementor-widget elementor-widget-text-editor\" data-id=\"81efdd9\" data-element_type=\"widget\" data-e-type=\"widget\" data-widget_type=\"text-editor.default\">\n\t\t\t\t\t\t\t\t\t<p class=\"translation-block\">In my studio, I combine modern techniques with high-quality products and an eye for detail. Every treatment is individually tailored to you \u2013 for beautifully manicured nails, healthy skin, and an all-around luxurious experience. <br>Peace, trust, and perfection are at the heart of my work. Because true beauty arises where professionalism meets dedication.<\/p>\t\t\t\t\t\t\t\t<\/div>\n\t\t\t\t\t<\/div>\n\t\t<\/div>\n\t\t\t\t\t<\/div>\n\t\t<\/section>\n\t\t\t\t<section class=\"elementor-section elementor-top-section elementor-element elementor-element-d3eed4e elementor-section-stretched animated-slow elementor-section-boxed elementor-section-height-default elementor-section-height-default elementor-invisible\" data-id=\"d3eed4e\" data-element_type=\"section\" data-e-type=\"section\" data-settings=\"{&quot;stretch_section&quot;:&quot;section-stretched&quot;,&quot;animation&quot;:&quot;beautium_clip_right&quot;}\">\n\t\t\t\t\t\t<div class=\"elementor-container elementor-column-gap-no\">\n\t\t\t\t\t<div class=\"elementor-column elementor-col-100 elementor-top-column elementor-element elementor-element-2d77419\" data-id=\"2d77419\" data-element_type=\"column\" data-e-type=\"column\">\n\t\t\t<div class=\"elementor-widget-wrap elementor-element-populated\">\n\t\t\t\t\t\t<div class=\"elementor-element elementor-element-15cfffd elementor-widget__width-auto elementor-absolute e-transform elementor-widget elementor-widget-beautium_video_button\" data-id=\"15cfffd\" data-element_type=\"widget\" data-e-type=\"widget\" data-settings=\"{&quot;youtube_url&quot;:&quot;#&quot;,&quot;_position&quot;:&quot;absolute&quot;,&quot;_transform_translateX_effect&quot;:{&quot;unit&quot;:&quot;%&quot;,&quot;size&quot;:-50,&quot;sizes&quot;:[]},&quot;_transform_translateX_effect_laptop&quot;:{&quot;unit&quot;:&quot;%&quot;,&quot;size&quot;:&quot;&quot;,&quot;sizes&quot;:[]},&quot;_transform_translateX_effect_tablet_extra&quot;:{&quot;unit&quot;:&quot;%&quot;,&quot;size&quot;:&quot;&quot;,&quot;sizes&quot;:[]},&quot;_transform_translateX_effect_tablet&quot;:{&quot;unit&quot;:&quot;%&quot;,&quot;size&quot;:&quot;&quot;,&quot;sizes&quot;:[]},&quot;_transform_translateX_effect_mobile_extra&quot;:{&quot;unit&quot;:&quot;%&quot;,&quot;size&quot;:&quot;&quot;,&quot;sizes&quot;:[]},&quot;_transform_translateX_effect_mobile&quot;:{&quot;unit&quot;:&quot;%&quot;,&quot;size&quot;:&quot;&quot;,&quot;sizes&quot;:[]},&quot;_transform_translateY_effect&quot;:{&quot;unit&quot;:&quot;%&quot;,&quot;size&quot;:-50,&quot;sizes&quot;:[]},&quot;_transform_translateY_effect_laptop&quot;:{&quot;unit&quot;:&quot;%&quot;,&quot;size&quot;:&quot;&quot;,&quot;sizes&quot;:[]},&quot;_transform_translateY_effect_tablet_extra&quot;:{&quot;unit&quot;:&quot;%&quot;,&quot;size&quot;:&quot;&quot;,&quot;sizes&quot;:[]},&quot;_transform_translateY_effect_tablet&quot;:{&quot;unit&quot;:&quot;%&quot;,&quot;size&quot;:&quot;&quot;,&quot;sizes&quot;:[]},&quot;_transform_translateY_effect_mobile_extra&quot;:{&quot;unit&quot;:&quot;%&quot;,&quot;size&quot;:&quot;&quot;,&quot;sizes&quot;:[]},&quot;_transform_translateY_effect_mobile&quot;:{&quot;unit&quot;:&quot;%&quot;,&quot;size&quot;:&quot;&quot;,&quot;sizes&quot;:[]},&quot;video_type&quot;:&quot;youtube&quot;,&quot;controls&quot;:&quot;yes&quot;,&quot;lightbox&quot;:&quot;yes&quot;}\" data-widget_type=\"beautium_video_button.default\">\n\t\t\t\t<div class=\"elementor-widget-container\">\n\t\t\t\t\t        <div class=\"elementor-wrapper elementor-open-lightbox beautium-video-button\">\n                        <div class=\"elementor-custom-embed-image-overlay video-button-wrapper\" data-elementor-open-lightbox=\"yes\" data-elementor-lightbox=\"{&quot;type&quot;:&quot;video&quot;,&quot;videoType&quot;:&quot;youtube&quot;,&quot;url&quot;:null,&quot;autoplay&quot;:&quot;&quot;,&quot;modalOptions&quot;:{&quot;id&quot;:&quot;elementor-lightbox-15cfffd&quot;,&quot;entranceAnimation&quot;:&quot;&quot;,&quot;entranceAnimation_tablet&quot;:&quot;&quot;,&quot;entranceAnimation_mobile&quot;:&quot;&quot;,&quot;videoAspectRatio&quot;:&quot;169&quot;}}\" data-e-action-hash=\"#elementor-action%3Aaction%3Dlightbox%26settings%3DeyJ0eXBlIjoidmlkZW8iLCJ2aWRlb1R5cGUiOiJ5b3V0dWJlIiwidXJsIjpudWxsLCJhdXRvcGxheSI6IiIsIm1vZGFsT3B0aW9ucyI6eyJpZCI6ImVsZW1lbnRvci1saWdodGJveC0xNWNmZmZkIiwiZW50cmFuY2VBbmltYXRpb24iOiIiLCJlbnRyYW5jZUFuaW1hdGlvbl90YWJsZXQiOiIiLCJlbnRyYW5jZUFuaW1hdGlvbl9tb2JpbGUiOiIiLCJ2aWRlb0FzcGVjdFJhdGlvIjoiMTY5In19\">\n                <div class=\"video-button-label\"><svg xmlns=\"http:\/\/www.w3.org\/2000\/svg\"  viewbox=\"0 0 150 150\" version=\"1.1\"><path id=\"textPath\" d=\"M 0,75 a 75,75 0 1,1 0,1 z\" \/><text><textpath href=\"#textPath\">Creative beauty by MONE<\/textpath><\/text><\/svg><\/div>                <div class=\"elementor-custom-embed-play\" role=\"button\">\n                    <i class=\"eicon-play\" aria-hidden=\"true\">\n                        <svg viewbox=\"0 0 23 27\">\n                            <path d=\"M22,13.5L1,26V1L22,13.5z\"><\/path>\n                        <\/svg>\n                    <\/i>\n                    <span class=\"elementor-screen-only\">Play Video<\/span>\n                <\/div>\n            <\/div>\n        <\/div>\n        \t\t\t\t<\/div>\n\t\t\t\t<\/div>\n\t\t\t\t<div class=\"elementor-element elementor-element-5339e2d elementor-widget elementor-widget-image\" data-id=\"5339e2d\" data-element_type=\"widget\" data-e-type=\"widget\" data-settings=\"{&quot;_animation&quot;:&quot;none&quot;}\" data-widget_type=\"image.default\">\n\t\t\t\t\t\t\t\t\t\t\t\t\t\t\t<img fetchpriority=\"high\" decoding=\"async\" width=\"1600\" height=\"684\" src=\"https:\/\/monebeauty.ch\/wp-content\/uploads\/2022\/10\/services-video.jpg\" class=\"attachment-full size-full wp-image-1092\" alt=\"\" srcset=\"https:\/\/monebeauty.ch\/wp-content\/uploads\/2022\/10\/services-video.jpg 1600w, https:\/\/monebeauty.ch\/wp-content\/uploads\/2022\/10\/services-video-600x257.jpg 600w, https:\/\/monebeauty.ch\/wp-content\/uploads\/2022\/10\/services-video-300x128.jpg 300w, https:\/\/monebeauty.ch\/wp-content\/uploads\/2022\/10\/services-video-1024x438.jpg 1024w, https:\/\/monebeauty.ch\/wp-content\/uploads\/2022\/10\/services-video-768x328.jpg 768w, https:\/\/monebeauty.ch\/wp-content\/uploads\/2022\/10\/services-video-1536x657.jpg 1536w\" sizes=\"(max-width: 1600px) 100vw, 1600px\" \/>\t\t\t\t\t\t\t\t\t\t\t\t\t\t\t<\/div>\n\t\t\t\t\t<\/div>\n\t\t<\/div>\n\t\t\t\t\t<\/div>\n\t\t<\/section>\n\t\t\t\t<\/div>","protected":false},"excerpt":{"rendered":"<p>Sch\u00f6nheit ist f\u00fcr mich mehr als nur ein \u00e4u\u00dferes Erscheinungsbild \u2013 sie ist ein Gef\u00fchl von Wohlbefinden, Selbstvertrauen und innerer Ruhe. In meinem Studio Mone Beauty nehme ich mir bewusst Zeit f\u00fcr Sie und Ihre individuellen W\u00fcnsche. Mit viel Liebe zum&#8230;<\/p>","protected":false},"author":1,"featured_media":5001,"parent":0,"menu_order":0,"comment_status":"closed","ping_status":"closed","template":"","meta":{"_monsterinsights_skip_tracking":false,"_monsterinsights_sitenote_active":false,"_monsterinsights_sitenote_note":"","_monsterinsights_sitenote_category":0,"_uf_show_specific_survey":0,"_uf_disable_surveys":false,"footnotes":""},"class_list":["post-23","page","type-page","status-publish","has-post-thumbnail","hentry"],"aioseo_notices":[],"_links":{"self":[{"href":"https:\/\/monebeauty.ch\/en\/wp-json\/wp\/v2\/pages\/23","targetHints":{"allow":["GET"]}}],"collection":[{"href":"https:\/\/monebeauty.ch\/en\/wp-json\/wp\/v2\/pages"}],"about":[{"href":"https:\/\/monebeauty.ch\/en\/wp-json\/wp\/v2\/types\/page"}],"author":[{"embeddable":true,"href":"https:\/\/monebeauty.ch\/en\/wp-json\/wp\/v2\/users\/1"}],"replies":[{"embeddable":true,"href":"https:\/\/monebeauty.ch\/en\/wp-json\/wp\/v2\/comments?post=23"}],"version-history":[{"count":25,"href":"https:\/\/monebeauty.ch\/en\/wp-json\/wp\/v2\/pages\/23\/revisions"}],"predecessor-version":[{"id":5243,"href":"https:\/\/monebeauty.ch\/en\/wp-json\/wp\/v2\/pages\/23\/revisions\/5243"}],"wp:featuredmedia":[{"embeddable":true,"href":"https:\/\/monebeauty.ch\/en\/wp-json\/wp\/v2\/media\/5001"}],"wp:attachment":[{"href":"https:\/\/monebeauty.ch\/en\/wp-json\/wp\/v2\/media?parent=23"}],"curies":[{"name":"wp","href":"https:\/\/api.w.org\/{rel}","templated":true}]}}