{"id":5452,"date":"2026-01-04T16:17:37","date_gmt":"2026-01-04T15:17:37","guid":{"rendered":"https:\/\/monebeauty.ch\/?page_id=5452"},"modified":"2026-01-04T17:18:20","modified_gmt":"2026-01-04T16:18:20","slug":"datenschutzerklaerung","status":"publish","type":"page","link":"https:\/\/monebeauty.ch\/en\/datenschutzerklaerung\/","title":{"rendered":""},"content":{"rendered":"<div data-elementor-type=\"wp-page\" data-elementor-id=\"5452\" class=\"elementor elementor-5452\" data-elementor-post-type=\"page\">\n\t\t\t\t<div class=\"elementor-element elementor-element-7f4f06ac e-flex e-con-boxed e-con e-parent\" data-id=\"7f4f06ac\" data-element_type=\"container\" data-e-type=\"container\">\n\t\t\t\t\t<div class=\"e-con-inner\">\n\t\t\t\t<div class=\"elementor-element elementor-element-66fe4505 elementor-widget elementor-widget-text-editor\" data-id=\"66fe4505\" data-element_type=\"widget\" data-e-type=\"widget\" data-widget_type=\"text-editor.default\">\n\t\t\t\t\t\t\t\t\t<h3>PRIVACY POLICY<\/h3><p class=\"translation-block\">MONE BEAUTY processes personal data in accordance with the Swiss Federal Act on Data Protection (FADP) and the GDPR, where applicable. Data collected: Name, email address, telephone number, IP address, usage data. Purpose: Customer management, appointment scheduling, marketing, analysis. This website uses Google Analytics, Meta Pixel, and Instagram integrations only with your consent. Data subject rights: Access, rectification, erasure, objection.<\/p>\t\t\t\t\t\t\t\t<\/div>\n\t\t\t\t\t<\/div>\n\t\t\t\t<\/div>\n\t\t\t\t<\/div>","protected":false},"excerpt":{"rendered":"<p>DATENSCHUTZERKL\u00c4RUNG MONE BEAUTY verarbeitet personenbezogene Daten gem\u00e4\u00df dem schweizerischen. Datenschutzgesetz (nFADP) sowie der DSGVO, sofern anwendbar. Erhobene Daten: Name, E-Mail, Telefonnummer, IP-Adresse, Nutzungsdaten. Zweck: Kundenverwaltung, Terminvereinbarung, Marketing, Analyse. Diese Website nutzt Google Analytics, Meta Pixel und Instagram-Integrationen ausschlie\u00dflich nach\u00a0Einwilligung. Betroffenenrechte: Auskunft,&#8230;<\/p>","protected":false},"author":1,"featured_media":0,"parent":0,"menu_order":0,"comment_status":"closed","ping_status":"open","template":"","meta":{"_monsterinsights_skip_tracking":false,"_monsterinsights_sitenote_active":false,"_monsterinsights_sitenote_note":"","_monsterinsights_sitenote_category":0,"_uf_show_specific_survey":0,"_uf_disable_surveys":false,"footnotes":""},"class_list":["post-5452","page","type-page","status-publish","hentry"],"aioseo_notices":[],"_links":{"self":[{"href":"https:\/\/monebeauty.ch\/en\/wp-json\/wp\/v2\/pages\/5452","targetHints":{"allow":["GET"]}}],"collection":[{"href":"https:\/\/monebeauty.ch\/en\/wp-json\/wp\/v2\/pages"}],"about":[{"href":"https:\/\/monebeauty.ch\/en\/wp-json\/wp\/v2\/types\/page"}],"author":[{"embeddable":true,"href":"https:\/\/monebeauty.ch\/en\/wp-json\/wp\/v2\/users\/1"}],"replies":[{"embeddable":true,"href":"https:\/\/monebeauty.ch\/en\/wp-json\/wp\/v2\/comments?post=5452"}],"version-history":[{"count":8,"href":"https:\/\/monebeauty.ch\/en\/wp-json\/wp\/v2\/pages\/5452\/revisions"}],"predecessor-version":[{"id":5487,"href":"https:\/\/monebeauty.ch\/en\/wp-json\/wp\/v2\/pages\/5452\/revisions\/5487"}],"wp:attachment":[{"href":"https:\/\/monebeauty.ch\/en\/wp-json\/wp\/v2\/media?parent=5452"}],"curies":[{"name":"wp","href":"https:\/\/api.w.org\/{rel}","templated":true}]}}