{"id":2082,"date":"2026-01-03T10:25:31","date_gmt":"2026-01-03T09:25:31","guid":{"rendered":"https:\/\/demo.artureanec.com\/themes\/beautium\/?post_type=product&#038;p=2082"},"modified":"2026-01-03T12:41:52","modified_gmt":"2026-01-03T11:41:52","slug":"eye-cream","status":"publish","type":"product","link":"https:\/\/monebeauty.ch\/en\/product\/eye-cream\/","title":{"rendered":"Eye Cream"},"content":{"rendered":"<p class=\"translation-block\">Eye Cream<br>\r\nSie unterst\u00fctzt dabei, eine frische und jugendlich strahlende Augenpartie zu erhalten, indem sie mit einer hochwirksamen Wirkstoffkombination Feuchtigkeit spendet, aufpolstert und gl\u00e4ttet.<br>\r\nDie Formel enth\u00e4lt mehrere gezielt ausgew\u00e4hlte Inhaltsstoffe, die gemeinsam wirken, um die Hautstruktur zu verbessern, die Kontur zu<br>\r\nstraffen und feine Linien zu mildern. Die Augenpartie wirkt sichtbar glatter, praller und frischer.<br>\r\nDie Eye Cream ist leicht in der Textur, l\u00e4sst sich sanft verteilen und eignet sich f\u00fcr die t\u00e4gliche Anwendung \u2013 morgens und abends nach der Reinigung. Sie zieht schnell ein, ohne zu beschweren, und bereitet die Haut optimal auf nachfolgende Pflege vor. Dank ihrer sorgf\u00e4ltig abgestimmten Zusammensetzung unterstutzt diese Augencreme ein jugendliches, waches Erscheinungsbild und ist ein wertvoller Bestandteil jeder Pflegeroutine.<\/p>","protected":false},"excerpt":{"rendered":"<p class=\"translation-block\">Revitalisierende Augencreme f\u00fcr sichtbar gepflegte Augenpartie. Diese Augencreme wurde speziell f\u00fcr die empfindliche Haut rund um die Augen<br>\r\nentwickelt.<\/p>\n<ul>\n<li>Smooths<\/li>\n<li>Light in texture<\/li>\n<li>Provides moisture<\/li>\n<\/ul>","protected":false},"featured_media":5151,"comment_status":"open","ping_status":"closed","template":"","meta":{"_monsterinsights_skip_tracking":false,"_monsterinsights_sitenote_active":false,"_monsterinsights_sitenote_note":"","_monsterinsights_sitenote_category":0,"_uf_show_specific_survey":0,"_uf_disable_surveys":false},"product_brand":[],"product_cat":[32],"product_tag":[],"class_list":{"0":"post-2082","1":"product","2":"type-product","3":"status-publish","4":"has-post-thumbnail","6":"product_cat-cosmetology","8":"first","9":"instock","10":"shipping-taxable","11":"purchasable","12":"product-type-simple"},"aioseo_notices":[],"_links":{"self":[{"href":"https:\/\/monebeauty.ch\/en\/wp-json\/wp\/v2\/product\/2082","targetHints":{"allow":["GET"]}}],"collection":[{"href":"https:\/\/monebeauty.ch\/en\/wp-json\/wp\/v2\/product"}],"about":[{"href":"https:\/\/monebeauty.ch\/en\/wp-json\/wp\/v2\/types\/product"}],"replies":[{"embeddable":true,"href":"https:\/\/monebeauty.ch\/en\/wp-json\/wp\/v2\/comments?post=2082"}],"version-history":[{"count":6,"href":"https:\/\/monebeauty.ch\/en\/wp-json\/wp\/v2\/product\/2082\/revisions"}],"predecessor-version":[{"id":5182,"href":"https:\/\/monebeauty.ch\/en\/wp-json\/wp\/v2\/product\/2082\/revisions\/5182"}],"wp:featuredmedia":[{"embeddable":true,"href":"https:\/\/monebeauty.ch\/en\/wp-json\/wp\/v2\/media\/5151"}],"wp:attachment":[{"href":"https:\/\/monebeauty.ch\/en\/wp-json\/wp\/v2\/media?parent=2082"}],"wp:term":[{"taxonomy":"product_brand","embeddable":true,"href":"https:\/\/monebeauty.ch\/en\/wp-json\/wp\/v2\/product_brand?post=2082"},{"taxonomy":"product_cat","embeddable":true,"href":"https:\/\/monebeauty.ch\/en\/wp-json\/wp\/v2\/product_cat?post=2082"},{"taxonomy":"product_tag","embeddable":true,"href":"https:\/\/monebeauty.ch\/en\/wp-json\/wp\/v2\/product_tag?post=2082"}],"curies":[{"name":"wp","href":"https:\/\/api.w.org\/{rel}","templated":true}]}}