{"id":5158,"date":"2026-01-03T11:51:50","date_gmt":"2026-01-03T10:51:50","guid":{"rendered":"https:\/\/monebeauty.ch\/?post_type=product&#038;p=5158"},"modified":"2026-01-03T12:39:45","modified_gmt":"2026-01-03T11:39:45","slug":"hyaluron-cream","status":"publish","type":"product","link":"https:\/\/monebeauty.ch\/en\/product\/hyaluron-cream\/","title":{"rendered":"Hyaluron Creme"},"content":{"rendered":"<p class=\"translation-block\">Hyaluron Cream<br>\r\nDiese Hyaluroncreme wurde entwickelt, um der Haut tiefgehende Feuchtigkeit zu schenken und den nat\u00fcrlichen Feuchtigkeitsgehalt nachhaltig zu unterst\u00fctzen. Durch die Kombination hochwirksamer Wirkstoffe wird die Haut sichtbar gegl\u00e4ttet, frischer und jugendlicher. Warum diese Hyaluroncreme?<\/p>\n<p class=\"translation-block\">Hyalurons\u00e4ure kann gro\u00dfe Mengen Wasser binden und sorgt dafur, dass die Haut optimal mit Feuchtigkeit versorgt wird. Das Ergebnis ist ein weiches, elastisches Hautgef\u00fchl.<br>\r\nMit regelm\u00e4\u00dfiger Anwendung wirkt die Haut fester und feine Linien wirken gemildert, da die hauteigene Feuchtigkeitsbalance verbessert wird. Aloe Vera und Bisabolol unterstutzen die Haut<br>\r\ndabei, sich zu beruhigen und Irritationen zu reduzieren \u2013 ideal auch f\u00fcr empfindliche Hauttypen. Diese Formel ist vegan, ohne Parabene und Paraffine \u2013 sanft, aber wirkungsvoll.<br>\r\nDiese Creme eignet sich perfekt als Teil deiner t\u00e4glichen Pflegeroutine \u2013 morgens und abends nach der Reinigung aufgetragen \u2013 und ist eine hervorragende Basis f\u00fcr Make-up. Lange Tage<br>\r\nund trockene Luft konnen der Vergangenheit angeh\u00f6ren: Deine Haut f\u00fchlt sich sp\u00fcrbar glatter, praller und gesund aussehend an.<\/p>","protected":false},"excerpt":{"rendered":"<p>Hyaluron Creme<br \/>\nIntensive moisturizing hyaluronic cream \u2013 for smoother, plumper skin.<\/p>\n<ul>\n<li>Anti-Aging Effekt<\/li>\n<li>Soothing care<\/li>\n<li>Natural and compatible<\/li>\n<li>Deep hydration<\/li>\n<\/ul>\n<p>&nbsp;<\/p>","protected":false},"featured_media":5159,"comment_status":"open","ping_status":"closed","template":"","meta":{"_monsterinsights_skip_tracking":false,"_monsterinsights_sitenote_active":false,"_monsterinsights_sitenote_note":"","_monsterinsights_sitenote_category":0,"_uf_show_specific_survey":0,"_uf_disable_surveys":false},"product_brand":[],"product_cat":[32],"product_tag":[],"class_list":{"0":"post-5158","1":"product","2":"type-product","3":"status-publish","4":"has-post-thumbnail","6":"product_cat-cosmetology","8":"first","9":"instock","10":"shipping-taxable","11":"purchasable","12":"product-type-simple"},"aioseo_notices":[],"_links":{"self":[{"href":"https:\/\/monebeauty.ch\/en\/wp-json\/wp\/v2\/product\/5158","targetHints":{"allow":["GET"]}}],"collection":[{"href":"https:\/\/monebeauty.ch\/en\/wp-json\/wp\/v2\/product"}],"about":[{"href":"https:\/\/monebeauty.ch\/en\/wp-json\/wp\/v2\/types\/product"}],"replies":[{"embeddable":true,"href":"https:\/\/monebeauty.ch\/en\/wp-json\/wp\/v2\/comments?post=5158"}],"version-history":[{"count":3,"href":"https:\/\/monebeauty.ch\/en\/wp-json\/wp\/v2\/product\/5158\/revisions"}],"predecessor-version":[{"id":5180,"href":"https:\/\/monebeauty.ch\/en\/wp-json\/wp\/v2\/product\/5158\/revisions\/5180"}],"wp:featuredmedia":[{"embeddable":true,"href":"https:\/\/monebeauty.ch\/en\/wp-json\/wp\/v2\/media\/5159"}],"wp:attachment":[{"href":"https:\/\/monebeauty.ch\/en\/wp-json\/wp\/v2\/media?parent=5158"}],"wp:term":[{"taxonomy":"product_brand","embeddable":true,"href":"https:\/\/monebeauty.ch\/en\/wp-json\/wp\/v2\/product_brand?post=5158"},{"taxonomy":"product_cat","embeddable":true,"href":"https:\/\/monebeauty.ch\/en\/wp-json\/wp\/v2\/product_cat?post=5158"},{"taxonomy":"product_tag","embeddable":true,"href":"https:\/\/monebeauty.ch\/en\/wp-json\/wp\/v2\/product_tag?post=5158"}],"curies":[{"name":"wp","href":"https:\/\/api.w.org\/{rel}","templated":true}]}}