{"id":37,"date":"2022-06-06T08:00:46","date_gmt":"2022-06-06T08:00:46","guid":{"rendered":"https:\/\/demo.artureanec.com\/themes\/beautium\/?page_id=37"},"modified":"2026-01-12T22:34:02","modified_gmt":"2026-01-12T21:34:02","slug":"preisangebote","status":"publish","type":"page","link":"https:\/\/monebeauty.ch\/fr\/preisangebote\/","title":{"rendered":"Liste de prix"},"content":{"rendered":"<div data-elementor-type=\"wp-page\" data-elementor-id=\"37\" class=\"elementor elementor-37\" data-elementor-post-type=\"page\">\n\t\t\t\t\t\t<section class=\"elementor-section elementor-top-section elementor-element elementor-element-a3d0e9a elementor-section-boxed elementor-section-height-default elementor-section-height-default\" data-id=\"a3d0e9a\" data-element_type=\"section\" data-e-type=\"section\">\n\t\t\t\t\t\t<div class=\"elementor-container elementor-column-gap-wide\">\n\t\t\t\t\t<div class=\"elementor-column elementor-col-100 elementor-top-column elementor-element elementor-element-94e5397\" data-id=\"94e5397\" data-element_type=\"column\" data-e-type=\"column\">\n\t\t\t<div class=\"elementor-widget-wrap elementor-element-populated\">\n\t\t\t\t\t\t<div class=\"elementor-element elementor-element-e677771 elementor-widget elementor-widget-beautium_heading\" data-id=\"e677771\" data-element_type=\"widget\" data-e-type=\"widget\" data-widget_type=\"beautium_heading.default\">\n\t\t\t\t<div class=\"elementor-widget-container\">\n\t\t\t\t\t<div class=\"beautium-heading-widget\"><div class=\"beautium-heading\"><h2 class=\"beautium-heading-content translation-block\">Les meilleures offres <br>de prix pour nos services<\/h2><\/div><\/div>\t\t\t\t<\/div>\n\t\t\t\t<\/div>\n\t\t\t\t<section class=\"elementor-section elementor-inner-section elementor-element elementor-element-a49f274 elementor-section-boxed elementor-section-height-default elementor-section-height-default\" data-id=\"a49f274\" data-element_type=\"section\" data-e-type=\"section\">\n\t\t\t\t\t\t<div class=\"elementor-container elementor-column-gap-wide\">\n\t\t\t\t\t<div class=\"elementor-column elementor-col-50 elementor-inner-column elementor-element elementor-element-50e958d\" data-id=\"50e958d\" data-element_type=\"column\" data-e-type=\"column\">\n\t\t\t<div class=\"elementor-widget-wrap elementor-element-populated\">\n\t\t\t\t\t\t<div class=\"elementor-element elementor-element-a46cd0a elementor-widget elementor-widget-beautium_custom_price\" data-id=\"a46cd0a\" data-element_type=\"widget\" data-e-type=\"widget\" data-widget_type=\"beautium_custom_price.default\">\n\t\t\t\t<div class=\"elementor-widget-container\">\n\t\t\t\t\t\n        <div class=\"beautium-custom-price\">\n            <div class=\"custom-price-content\"><div class=\"custom-price-title\"><a href=\"#\">Neuset long S<\/a><\/div><\/div><div class=\"custom-price-prices\"><div class=\"custom-price-price price-current\">65 .- CHF<\/div><\/div>        <\/div>\n        \t\t\t\t<\/div>\n\t\t\t\t<\/div>\n\t\t\t\t<div class=\"elementor-element elementor-element-7344490 elementor-widget elementor-widget-beautium_custom_price\" data-id=\"7344490\" data-element_type=\"widget\" data-e-type=\"widget\" data-widget_type=\"beautium_custom_price.default\">\n\t\t\t\t<div class=\"elementor-widget-container\">\n\t\t\t\t\t\n        <div class=\"beautium-custom-price\">\n            <div class=\"custom-price-content\"><div class=\"custom-price-title\"><a href=\"#\">Neuset long M<\/a><\/div><\/div><div class=\"custom-price-prices\"><div class=\"custom-price-price price-current\">75 .- CHF<\/div><\/div>        <\/div>\n        \t\t\t\t<\/div>\n\t\t\t\t<\/div>\n\t\t\t\t<div class=\"elementor-element elementor-element-b619dcc elementor-widget elementor-widget-beautium_custom_price\" data-id=\"b619dcc\" data-element_type=\"widget\" data-e-type=\"widget\" data-widget_type=\"beautium_custom_price.default\">\n\t\t\t\t<div class=\"elementor-widget-container\">\n\t\t\t\t\t\n        <div class=\"beautium-custom-price\">\n            <div class=\"custom-price-content\"><div class=\"custom-price-title\"><a href=\"#\">Neuset long M<\/a><\/div><\/div><div class=\"custom-price-prices\"><div class=\"custom-price-price price-current\">85 .- CHF<\/div><\/div>        <\/div>\n        \t\t\t\t<\/div>\n\t\t\t\t<\/div>\n\t\t\t\t<div class=\"elementor-element elementor-element-86360a8 elementor-widget elementor-widget-beautium_custom_price\" data-id=\"86360a8\" data-element_type=\"widget\" data-e-type=\"widget\" data-widget_type=\"beautium_custom_price.default\">\n\t\t\t\t<div class=\"elementor-widget-container\">\n\t\t\t\t\t\n        <div class=\"beautium-custom-price\">\n            <div class=\"custom-price-content\"><div class=\"custom-price-title\"><a href=\"#\">Recharge longueur S<\/a><\/div><\/div><div class=\"custom-price-prices\"><div class=\"custom-price-price price-current\">55 .- CHF<\/div><\/div>        <\/div>\n        \t\t\t\t<\/div>\n\t\t\t\t<\/div>\n\t\t\t\t<div class=\"elementor-element elementor-element-6c5540b elementor-widget elementor-widget-beautium_custom_price\" data-id=\"6c5540b\" data-element_type=\"widget\" data-e-type=\"widget\" data-widget_type=\"beautium_custom_price.default\">\n\t\t\t\t<div class=\"elementor-widget-container\">\n\t\t\t\t\t\n        <div class=\"beautium-custom-price\">\n            <div class=\"custom-price-content\"><div class=\"custom-price-title\"><a href=\"#\">Recharge longueur M<\/a><\/div><\/div><div class=\"custom-price-prices\"><div class=\"custom-price-price price-current\">65 .- CHF<\/div><\/div>        <\/div>\n        \t\t\t\t<\/div>\n\t\t\t\t<\/div>\n\t\t\t\t<div class=\"elementor-element elementor-element-7f8f612 elementor-widget elementor-widget-beautium_custom_price\" data-id=\"7f8f612\" data-element_type=\"widget\" data-e-type=\"widget\" data-widget_type=\"beautium_custom_price.default\">\n\t\t\t\t<div class=\"elementor-widget-container\">\n\t\t\t\t\t\n        <div class=\"beautium-custom-price\">\n            <div class=\"custom-price-content\"><div class=\"custom-price-title\"><a href=\"#\">Recharge longueur L<\/a><\/div><\/div><div class=\"custom-price-prices\"><div class=\"custom-price-price price-current\">75 .- CHF<\/div><\/div>        <\/div>\n        \t\t\t\t<\/div>\n\t\t\t\t<\/div>\n\t\t\t\t<div class=\"elementor-element elementor-element-706eccc elementor-widget elementor-widget-beautium_heading\" data-id=\"706eccc\" data-element_type=\"widget\" data-e-type=\"widget\" data-widget_type=\"beautium_heading.default\">\n\t\t\t\t<div class=\"elementor-widget-container\">\n\t\t\t\t\t<div class=\"beautium-heading-widget\"><div class=\"beautium-heading\"><h3 class=\"beautium-heading-content\">Nail art<\/h3><\/div><\/div>\t\t\t\t<\/div>\n\t\t\t\t<\/div>\n\t\t\t\t<div class=\"elementor-element elementor-element-80b1891 elementor-widget elementor-widget-beautium_custom_price\" data-id=\"80b1891\" data-element_type=\"widget\" data-e-type=\"widget\" data-widget_type=\"beautium_custom_price.default\">\n\t\t\t\t<div class=\"elementor-widget-container\">\n\t\t\t\t\t\n        <div class=\"beautium-custom-price\">\n            <div class=\"custom-price-content\"><div class=\"custom-price-title\"><a href=\"#\">Design minimaliste<\/a><\/div><div class=\"custom-price-description\">Classique fran\u00e7ais \/ Baby Boomer \/ Chrome \/ Paillettes<\/div><\/div><div class=\"custom-price-prices\"><div class=\"custom-price-price price-current\">+10 .- CHF<\/div><\/div>        <\/div>\n        \t\t\t\t<\/div>\n\t\t\t\t<\/div>\n\t\t\t\t<div class=\"elementor-element elementor-element-b95a6e9 elementor-widget elementor-widget-beautium_custom_price\" data-id=\"b95a6e9\" data-element_type=\"widget\" data-e-type=\"widget\" data-widget_type=\"beautium_custom_price.default\">\n\t\t\t\t<div class=\"elementor-widget-container\">\n\t\t\t\t\t\n        <div class=\"beautium-custom-price\">\n            <div class=\"custom-price-content\"><div class=\"custom-price-title\"><a href=\"#\">Plus de motifs \/ Plusieurs ongles avec motif<\/a><\/div><div class=\"custom-price-description\">Plusieurs mod\u00e8les d'ongles.\n\nMotifs peints \u00e0 la main \/ Manucure fran\u00e7aise d\u00e9taill\u00e9e \/ Effet ombr\u00e9 avec embellissements<\/div><\/div><div class=\"custom-price-prices\"><div class=\"custom-price-price price-current\">+15 .- CHF<\/div><\/div>        <\/div>\n        \t\t\t\t<\/div>\n\t\t\t\t<\/div>\n\t\t\t\t<div class=\"elementor-element elementor-element-b636931 elementor-widget elementor-widget-beautium_custom_price\" data-id=\"b636931\" data-element_type=\"widget\" data-e-type=\"widget\" data-widget_type=\"beautium_custom_price.default\">\n\t\t\t\t<div class=\"elementor-widget-container\">\n\t\t\t\t\t\n        <div class=\"beautium-custom-price\">\n            <div class=\"custom-price-content\"><div class=\"custom-price-title\"><a href=\"#\">Full Design \/ Alle Nagel mit Design<\/a><\/div><div class=\"custom-price-description\">Alle Nagel mit Design. Aufwendige, detaillierte Nailart Extras<\/div><\/div><div class=\"custom-price-prices\"><div class=\"custom-price-price price-current\">+25 .- CHF<\/div><\/div>        <\/div>\n        \t\t\t\t<\/div>\n\t\t\t\t<\/div>\n\t\t\t\t\t<\/div>\n\t\t<\/div>\n\t\t\t\t<div class=\"elementor-column elementor-col-50 elementor-inner-column elementor-element elementor-element-7b4956e\" data-id=\"7b4956e\" data-element_type=\"column\" data-e-type=\"column\">\n\t\t\t<div class=\"elementor-widget-wrap elementor-element-populated\">\n\t\t\t\t\t\t<div class=\"elementor-element elementor-element-8d94988 elementor-widget elementor-widget-beautium_heading\" data-id=\"8d94988\" data-element_type=\"widget\" data-e-type=\"widget\" data-widget_type=\"beautium_heading.default\">\n\t\t\t\t<div class=\"elementor-widget-container\">\n\t\t\t\t\t<div class=\"beautium-heading-widget\"><div class=\"beautium-heading\"><h3 class=\"beautium-heading-content\">Extras<\/h3><\/div><\/div>\t\t\t\t<\/div>\n\t\t\t\t<\/div>\n\t\t\t\t<div class=\"elementor-element elementor-element-fc95381 elementor-widget elementor-widget-beautium_custom_price\" data-id=\"fc95381\" data-element_type=\"widget\" data-e-type=\"widget\" data-widget_type=\"beautium_custom_price.default\">\n\t\t\t\t<div class=\"elementor-widget-container\">\n\t\t\t\t\t\n        <div class=\"beautium-custom-price\">\n            <div class=\"custom-price-content\"><div class=\"custom-price-title\"><a href=\"#\">3D Design (Acryl \/ Gel)<\/a><\/div><div class=\"custom-price-description\">par Ongle<\/div><\/div><div class=\"custom-price-prices\"><div class=\"custom-price-price price-current\">ab +2.5.- CHF<\/div><\/div>        <\/div>\n        \t\t\t\t<\/div>\n\t\t\t\t<\/div>\n\t\t\t\t<div class=\"elementor-element elementor-element-c312836 elementor-widget elementor-widget-beautium_custom_price\" data-id=\"c312836\" data-element_type=\"widget\" data-e-type=\"widget\" data-widget_type=\"beautium_custom_price.default\">\n\t\t\t\t<div class=\"elementor-widget-container\">\n\t\t\t\t\t\n        <div class=\"beautium-custom-price\">\n            <div class=\"custom-price-content\"><div class=\"custom-price-title\"><a href=\"#\">Extra Long<\/a><\/div><\/div><div class=\"custom-price-prices\"><div class=\"custom-price-price price-current\">+10 .- CHF<\/div><\/div>        <\/div>\n        \t\t\t\t<\/div>\n\t\t\t\t<\/div>\n\t\t\t\t<div class=\"elementor-element elementor-element-0331427 elementor-widget elementor-widget-beautium_custom_price\" data-id=\"0331427\" data-element_type=\"widget\" data-e-type=\"widget\" data-widget_type=\"beautium_custom_price.default\">\n\t\t\t\t<div class=\"elementor-widget-container\">\n\t\t\t\t\t\n        <div class=\"beautium-custom-price\">\n            <div class=\"custom-price-content\"><div class=\"custom-price-title\"><a href=\"#\">Changement de forme<\/a><\/div><\/div><div class=\"custom-price-prices\"><div class=\"custom-price-price price-current\">+10 .- CHF<\/div><\/div>        <\/div>\n        \t\t\t\t<\/div>\n\t\t\t\t<\/div>\n\t\t\t\t<div class=\"elementor-element elementor-element-315977e elementor-widget elementor-widget-beautium_custom_price\" data-id=\"315977e\" data-element_type=\"widget\" data-e-type=\"widget\" data-widget_type=\"beautium_custom_price.default\">\n\t\t\t\t<div class=\"elementor-widget-container\">\n\t\t\t\t\t\n        <div class=\"beautium-custom-price\">\n            <div class=\"custom-price-content\"><div class=\"custom-price-title\"><a href=\"#\">R\u00e9paration des ongles<\/a><\/div><\/div><div class=\"custom-price-prices\"><div class=\"custom-price-price price-current\">+5 .- CHF<\/div><\/div>        <\/div>\n        \t\t\t\t<\/div>\n\t\t\t\t<\/div>\n\t\t\t\t<div class=\"elementor-element elementor-element-6c919ab elementor-widget elementor-widget-beautium_custom_price\" data-id=\"6c919ab\" data-element_type=\"widget\" data-e-type=\"widget\" data-widget_type=\"beautium_custom_price.default\">\n\t\t\t\t<div class=\"elementor-widget-container\">\n\t\t\t\t\t\n        <div class=\"beautium-custom-price\">\n            <div class=\"custom-price-content\"><div class=\"custom-price-title\"><a href=\"#\">Enlever les ongles<\/a><\/div><\/div><div class=\"custom-price-prices\"><div class=\"custom-price-price price-current\">25 .- CHF<\/div><\/div>        <\/div>\n        \t\t\t\t<\/div>\n\t\t\t\t<\/div>\n\t\t\t\t<div class=\"elementor-element elementor-element-561c781 elementor-widget elementor-widget-beautium_custom_price\" data-id=\"561c781\" data-element_type=\"widget\" data-e-type=\"widget\" data-widget_type=\"beautium_custom_price.default\">\n\t\t\t\t<div class=\"elementor-widget-container\">\n\t\t\t\t\t\n        <div class=\"beautium-custom-price\">\n            <div class=\"custom-price-content\"><div class=\"custom-price-title\"><a href=\"#\">N\u00e4gel entfernen mit Neuset<\/a><\/div><\/div><div class=\"custom-price-prices\"><div class=\"custom-price-price price-current\">+10 .- CHF<\/div><\/div>        <\/div>\n        \t\t\t\t<\/div>\n\t\t\t\t<\/div>\n\t\t\t\t<div class=\"elementor-element elementor-element-b7d9831 elementor-widget elementor-widget-spacer\" data-id=\"b7d9831\" data-element_type=\"widget\" data-e-type=\"widget\" data-widget_type=\"spacer.default\">\n\t\t\t\t\t\t\t<div class=\"elementor-spacer\">\n\t\t\t<div class=\"elementor-spacer-inner\"><\/div>\n\t\t<\/div>\n\t\t\t\t\t\t<\/div>\n\t\t\t\t<div class=\"elementor-element elementor-element-dd07cc7 elementor-widget elementor-widget-beautium_heading\" data-id=\"dd07cc7\" data-element_type=\"widget\" data-e-type=\"widget\" data-widget_type=\"beautium_heading.default\">\n\t\t\t\t<div class=\"elementor-widget-container\">\n\t\t\t\t\t<div class=\"beautium-heading-widget\"><div class=\"beautium-heading\"><h3 class=\"beautium-heading-content\">P\u00e9dicure<\/h3><\/div><\/div>\t\t\t\t<\/div>\n\t\t\t\t<\/div>\n\t\t\t\t<div class=\"elementor-element elementor-element-76e3363 elementor-widget elementor-widget-beautium_custom_price\" data-id=\"76e3363\" data-element_type=\"widget\" data-e-type=\"widget\" data-widget_type=\"beautium_custom_price.default\">\n\t\t\t\t<div class=\"elementor-widget-container\">\n\t\t\t\t\t\n        <div class=\"beautium-custom-price\">\n            <div class=\"custom-price-content\"><div class=\"custom-price-title\"><a href=\"#\">P\u00e9dicure avec couleur<\/a><\/div><div class=\"custom-price-description\">Classique fran\u00e7ais \/ Baby Boomer \/ Chrome \/ Paillettes<\/div><\/div><div class=\"custom-price-prices\"><div class=\"custom-price-price price-current\">55 .- CHF<\/div><\/div>        <\/div>\n        \t\t\t\t<\/div>\n\t\t\t\t<\/div>\n\t\t\t\t<div class=\"elementor-element elementor-element-0104695 elementor-widget elementor-widget-beautium_custom_price\" data-id=\"0104695\" data-element_type=\"widget\" data-e-type=\"widget\" data-widget_type=\"beautium_custom_price.default\">\n\t\t\t\t<div class=\"elementor-widget-container\">\n\t\t\t\t\t\n        <div class=\"beautium-custom-price\">\n            <div class=\"custom-price-content\"><div class=\"custom-price-title\"><a href=\"#\">P\u00e9dicure avec manucure fran\u00e7aise, strass et mise en forme des ongles de pieds<\/a><\/div><\/div><div class=\"custom-price-prices\"><div class=\"custom-price-price price-current\">65 .- CHF<\/div><\/div>        <\/div>\n        \t\t\t\t<\/div>\n\t\t\t\t<\/div>\n\t\t\t\t<div class=\"elementor-element elementor-element-18ea04d elementor-widget elementor-widget-beautium_heading\" data-id=\"18ea04d\" data-element_type=\"widget\" data-e-type=\"widget\" data-widget_type=\"beautium_heading.default\">\n\t\t\t\t<div class=\"elementor-widget-container\">\n\t\t\t\t\t<div class=\"beautium-heading-widget\"><div class=\"beautium-heading\"><h3 class=\"beautium-heading-content\">Soins du visage<\/h3><\/div><\/div>\t\t\t\t<\/div>\n\t\t\t\t<\/div>\n\t\t\t\t<div class=\"elementor-element elementor-element-ee8859e elementor-widget elementor-widget-beautium_custom_price\" data-id=\"ee8859e\" data-element_type=\"widget\" data-e-type=\"widget\" data-widget_type=\"beautium_custom_price.default\">\n\t\t\t\t<div class=\"elementor-widget-container\">\n\t\t\t\t\t\n        <div class=\"beautium-custom-price\">\n            <div class=\"custom-price-content\"><div class=\"custom-price-title\"><a href=\"#\">Microneedling avec Exosomen<\/a><\/div><\/div><div class=\"custom-price-prices\"><div class=\"custom-price-price price-current\">270 .- CHF<\/div><\/div>        <\/div>\n        \t\t\t\t<\/div>\n\t\t\t\t<\/div>\n\t\t\t\t<div class=\"elementor-element elementor-element-536dbb4 elementor-widget elementor-widget-beautium_custom_price\" data-id=\"536dbb4\" data-element_type=\"widget\" data-e-type=\"widget\" data-widget_type=\"beautium_custom_price.default\">\n\t\t\t\t<div class=\"elementor-widget-container\">\n\t\t\t\t\t\n        <div class=\"beautium-custom-price\">\n            <div class=\"custom-price-content\"><div class=\"custom-price-title\"><a href=\"#\">Hydrafacial - Nettoyage du visage<\/a><\/div><\/div><div class=\"custom-price-prices\"><div class=\"custom-price-price price-current\">129 .- CHF<\/div><\/div>        <\/div>\n        \t\t\t\t<\/div>\n\t\t\t\t<\/div>\n\t\t\t\t\t<\/div>\n\t\t<\/div>\n\t\t\t\t\t<\/div>\n\t\t<\/section>\n\t\t\t\t\t<\/div>\n\t\t<\/div>\n\t\t\t\t\t<\/div>\n\t\t<\/section>\n\t\t\t\t<\/div>","protected":false},"excerpt":{"rendered":"","protected":false},"author":1,"featured_media":5368,"parent":0,"menu_order":0,"comment_status":"closed","ping_status":"closed","template":"","meta":{"_monsterinsights_skip_tracking":false,"_monsterinsights_sitenote_active":false,"_monsterinsights_sitenote_note":"","_monsterinsights_sitenote_category":0,"_uf_show_specific_survey":0,"_uf_disable_surveys":false,"footnotes":""},"class_list":["post-37","page","type-page","status-publish","has-post-thumbnail","hentry"],"aioseo_notices":[],"_links":{"self":[{"href":"https:\/\/monebeauty.ch\/fr\/wp-json\/wp\/v2\/pages\/37","targetHints":{"allow":["GET"]}}],"collection":[{"href":"https:\/\/monebeauty.ch\/fr\/wp-json\/wp\/v2\/pages"}],"about":[{"href":"https:\/\/monebeauty.ch\/fr\/wp-json\/wp\/v2\/types\/page"}],"author":[{"embeddable":true,"href":"https:\/\/monebeauty.ch\/fr\/wp-json\/wp\/v2\/users\/1"}],"replies":[{"embeddable":true,"href":"https:\/\/monebeauty.ch\/fr\/wp-json\/wp\/v2\/comments?post=37"}],"version-history":[{"count":4,"href":"https:\/\/monebeauty.ch\/fr\/wp-json\/wp\/v2\/pages\/37\/revisions"}],"predecessor-version":[{"id":5017,"href":"https:\/\/monebeauty.ch\/fr\/wp-json\/wp\/v2\/pages\/37\/revisions\/5017"}],"wp:featuredmedia":[{"embeddable":true,"href":"https:\/\/monebeauty.ch\/fr\/wp-json\/wp\/v2\/media\/5368"}],"wp:attachment":[{"href":"https:\/\/monebeauty.ch\/fr\/wp-json\/wp\/v2\/media?parent=37"}],"curies":[{"name":"wp","href":"https:\/\/api.w.org\/{rel}","templated":true}]}}