{"id":5177,"date":"2026-01-03T12:29:22","date_gmt":"2026-01-03T11:29:22","guid":{"rendered":"https:\/\/monebeauty.ch\/?post_type=product&#038;p=5177"},"modified":"2026-01-03T12:37:51","modified_gmt":"2026-01-03T11:37:51","slug":"hyal-lips-lippenbalsam","status":"publish","type":"product","link":"https:\/\/monebeauty.ch\/fr\/product\/hyal-lips-lippenbalsam\/","title":{"rendered":"Hyal Lips Lippenbalsam"},"content":{"rendered":"<p>Sa texture riche et non grasse enveloppe les l\u00e8vres comme un voile protecteur, les hydratant intens\u00e9ment et les laissant douces et souples. Sa formule contribue \u00e0 restaurer l'hydratation et \u00e0 renforcer la barri\u00e8re protectrice naturelle des l\u00e8vres. Enrichi d'un complexe d'acide hyaluronique, ce baume cible l'hydratation, pour des l\u00e8vres visiblement plus pulpeuses et lisses. De plus, sa composition \u00e9quilibr\u00e9e apaise les tiraillements souvent associ\u00e9s \u00e0 la s\u00e9cheresse cutan\u00e9e. Hyal-Lips est id\u00e9al au quotidien, notamment par temps froid, sec ou venteux, lorsque les l\u00e8vres ont besoin d'un soin particulier. Ce baume \u00e0 l\u00e8vres est vegan, sans parab\u00e8nes, sans paraffines et sans microplastiques, et n'a pas \u00e9t\u00e9 test\u00e9 sur les animaux. Son application facile permet une utilisation rapide et pratique, \u00e0 tout moment et en tout lieu, pour un confort et un soin longue dur\u00e9e.<\/p>","protected":false},"excerpt":{"rendered":"<p>Hyal Lips Lippenbalsam<\/p>\n<p class=\"translation-block\">Der Hyal-Lips-Lippenbalsam wurde entwickelt,<br>\r\num trockene und sprode Lippen intensiv zu pflegen.<\/p>\n<ul>\n<li>Humidit\u00e9 profonde<\/li>\n<li>Sans parab\u00e8nes ni paraffines<\/li>\n<li>V\u00e9g\u00e9talien<\/li>\n<\/ul>","protected":false},"featured_media":5178,"comment_status":"open","ping_status":"closed","template":"","meta":{"_monsterinsights_skip_tracking":false,"_monsterinsights_sitenote_active":false,"_monsterinsights_sitenote_note":"","_monsterinsights_sitenote_category":0,"_uf_show_specific_survey":0,"_uf_disable_surveys":false},"product_brand":[],"product_cat":[32],"product_tag":[],"class_list":{"0":"post-5177","1":"product","2":"type-product","3":"status-publish","4":"has-post-thumbnail","6":"product_cat-cosmetology","8":"first","9":"instock","10":"shipping-taxable","11":"purchasable","12":"product-type-simple"},"aioseo_notices":[],"_links":{"self":[{"href":"https:\/\/monebeauty.ch\/fr\/wp-json\/wp\/v2\/product\/5177","targetHints":{"allow":["GET"]}}],"collection":[{"href":"https:\/\/monebeauty.ch\/fr\/wp-json\/wp\/v2\/product"}],"about":[{"href":"https:\/\/monebeauty.ch\/fr\/wp-json\/wp\/v2\/types\/product"}],"replies":[{"embeddable":true,"href":"https:\/\/monebeauty.ch\/fr\/wp-json\/wp\/v2\/comments?post=5177"}],"version-history":[{"count":1,"href":"https:\/\/monebeauty.ch\/fr\/wp-json\/wp\/v2\/product\/5177\/revisions"}],"predecessor-version":[{"id":5179,"href":"https:\/\/monebeauty.ch\/fr\/wp-json\/wp\/v2\/product\/5177\/revisions\/5179"}],"wp:featuredmedia":[{"embeddable":true,"href":"https:\/\/monebeauty.ch\/fr\/wp-json\/wp\/v2\/media\/5178"}],"wp:attachment":[{"href":"https:\/\/monebeauty.ch\/fr\/wp-json\/wp\/v2\/media?parent=5177"}],"wp:term":[{"taxonomy":"product_brand","embeddable":true,"href":"https:\/\/monebeauty.ch\/fr\/wp-json\/wp\/v2\/product_brand?post=5177"},{"taxonomy":"product_cat","embeddable":true,"href":"https:\/\/monebeauty.ch\/fr\/wp-json\/wp\/v2\/product_cat?post=5177"},{"taxonomy":"product_tag","embeddable":true,"href":"https:\/\/monebeauty.ch\/fr\/wp-json\/wp\/v2\/product_tag?post=5177"}],"curies":[{"name":"wp","href":"https:\/\/api.w.org\/{rel}","templated":true}]}}